{"id":1403,"date":"2023-09-26T09:08:06","date_gmt":"2023-09-26T09:08:06","guid":{"rendered":"https:\/\/www.resortanticoverbano.com\/sample-page\/"},"modified":"2025-11-28T13:58:57","modified_gmt":"2025-11-28T13:58:57","slug":"lago-maggiore","status":"publish","type":"page","link":"https:\/\/www.resortanticoverbano.com\/de\/","title":{"rendered":"Herzlich willkommen im Resort Antico Verbano"},"content":{"rendered":"\r\n<p>Nur eine Stunde von Mailand und der Schweiz entfernt, am piemontesischen Ufer des Lago Maggiore gelegen, bietet diese antike Residenz aus dem Jahr\u00a01765 eine exklusive Lage im Gr\u00fcnen und einen spektakul\u00e4ren Blick auf den See und die ber\u00fchmte Burg Rocca di Angera.<\/p>\r\n<p>Das separat gef\u00fchrte Restaurant und das Bistro im Geb\u00e4ude, die angebotenen Dienstleistungen, die Lage und die sorgf\u00e4ltige Ausstattung der Ferienwohnungen erm\u00f6glichen unseren G\u00e4sten angenehme Momente des Komforts und der Entspannung.<\/p>\r\n<p>Zwei Swimmingpools f\u00fcr Erwachsene und Kinder sowie eine Liegewiese mit privatem Zugang zum See vervollst\u00e4ndigen dieses Resort, dessen Einzigartigkeit in seiner bezaubernden Lage direkt am Wasser liegt. Haustiere sind in unserer Anlage willkommen, d\u00fcrfen aber nicht in den Poolbereich mit Sonnenschirmen mitgenommen werden.<\/p>\r\n","protected":false},"excerpt":{"rendered":"<p>Nur eine Stunde von Mailand und der Schweiz entfernt, am piemontesischen Ufer des Lago Maggiore gelegen, bietet diese antike Residenz aus dem Jahr\u00a01765 eine exklusive Lage im Gr\u00fcnen und einen spektakul\u00e4ren Blick auf den See und die ber\u00fchmte Burg Rocca di Angera. Das separat gef\u00fchrte Restaurant und das Bistro im Geb\u00e4ude, die angebotenen Dienstleistungen, die [&hellip;]<\/p>\n","protected":false},"author":12,"featured_media":2001,"parent":0,"menu_order":0,"comment_status":"closed","ping_status":"closed","template":"","meta":{"footnotes":""},"yoast_head":"<!-- This site is optimized with the Yoast SEO plugin v22.3 - https:\/\/yoast.com\/wordpress\/plugins\/seo\/ -->\n<title>Herzlich willkommen im Resort Antico Verbano - Resort Antico Verbano<\/title>\n<meta name=\"description\" content=\"Resort Antico Verbano -\" \/>\n<meta name=\"robots\" content=\"index, follow, max-snippet:-1, max-image-preview:large, max-video-preview:-1\" \/>\n<link rel=\"canonical\" href=\"https:\/\/www.resortanticoverbano.com\/de\/\" \/>\n<meta property=\"og:locale\" content=\"de_DE\" \/>\n<meta property=\"og:type\" content=\"article\" \/>\n<meta property=\"og:title\" content=\"Herzlich willkommen im Resort Antico Verbano - Resort Antico Verbano\" \/>\n<meta property=\"og:description\" content=\"Resort Antico Verbano -\" \/>\n<meta property=\"og:url\" content=\"https:\/\/www.resortanticoverbano.com\/de\/\" \/>\n<meta property=\"og:site_name\" content=\"Resort Antico Verbano\" \/>\n<meta property=\"article:modified_time\" content=\"2025-11-28T13:58:57+00:00\" \/>\n<meta property=\"og:image\" content=\"http:\/\/www.resortanticoverbano.com\/wp-content\/uploads\/sites\/66\/2025\/04\/esterni-14.jpg\" \/>\n\t<meta property=\"og:image:width\" content=\"1800\" \/>\n\t<meta property=\"og:image:height\" content=\"1200\" \/>\n\t<meta property=\"og:image:type\" content=\"image\/jpeg\" \/>\n<meta name=\"twitter:card\" content=\"summary_large_image\" \/>\n<meta name=\"twitter:label1\" content=\"Gesch\u00e4tzte Lesezeit\" \/>\n\t<meta name=\"twitter:data1\" content=\"1 Minute\" \/>\n<script type=\"application\/ld+json\" class=\"yoast-schema-graph\">{\"@context\":\"https:\/\/schema.org\",\"@graph\":[{\"@type\":\"WebPage\",\"@id\":\"https:\/\/www.resortanticoverbano.com\/de\/\",\"url\":\"https:\/\/www.resortanticoverbano.com\/de\/\",\"name\":\"Herzlich willkommen im Resort Antico Verbano - Resort Antico Verbano\",\"isPartOf\":{\"@id\":\"https:\/\/www.resortanticoverbano.com\/de\/#website\"},\"primaryImageOfPage\":{\"@id\":\"https:\/\/www.resortanticoverbano.com\/de\/#primaryimage\"},\"image\":{\"@id\":\"https:\/\/www.resortanticoverbano.com\/de\/#primaryimage\"},\"thumbnailUrl\":\"https:\/\/www.resortanticoverbano.com\/wp-content\/uploads\/sites\/66\/2025\/04\/esterni-14.jpg\",\"datePublished\":\"2023-09-26T09:08:06+00:00\",\"dateModified\":\"2025-11-28T13:58:57+00:00\",\"description\":\"Resort Antico Verbano -\",\"breadcrumb\":{\"@id\":\"https:\/\/www.resortanticoverbano.com\/de\/#breadcrumb\"},\"inLanguage\":\"de-DE\",\"potentialAction\":[{\"@type\":\"ReadAction\",\"target\":[\"https:\/\/www.resortanticoverbano.com\/de\/\"]}]},{\"@type\":\"ImageObject\",\"inLanguage\":\"de-DE\",\"@id\":\"https:\/\/www.resortanticoverbano.com\/de\/#primaryimage\",\"url\":\"https:\/\/www.resortanticoverbano.com\/wp-content\/uploads\/sites\/66\/2025\/04\/esterni-14.jpg\",\"contentUrl\":\"https:\/\/www.resortanticoverbano.com\/wp-content\/uploads\/sites\/66\/2025\/04\/esterni-14.jpg\",\"width\":1800,\"height\":1200},{\"@type\":\"BreadcrumbList\",\"@id\":\"https:\/\/www.resortanticoverbano.com\/de\/#breadcrumb\",\"itemListElement\":[{\"@type\":\"ListItem\",\"position\":1,\"name\":\"Home\",\"item\":\"https:\/\/www.resortanticoverbano.com\/de\/\"},{\"@type\":\"ListItem\",\"position\":2,\"name\":\"Herzlich willkommen im Resort Antico Verbano\"}]},{\"@type\":\"WebSite\",\"@id\":\"https:\/\/www.resortanticoverbano.com\/de\/#website\",\"url\":\"https:\/\/www.resortanticoverbano.com\/de\/\",\"name\":\"Resort Antico Verbano\",\"description\":\"\",\"publisher\":{\"@id\":\"https:\/\/www.resortanticoverbano.com\/de\/#organization\"},\"potentialAction\":[{\"@type\":\"SearchAction\",\"target\":{\"@type\":\"EntryPoint\",\"urlTemplate\":\"https:\/\/www.resortanticoverbano.com\/de\/?s={search_term_string}\"},\"query-input\":\"required name=search_term_string\"}],\"inLanguage\":\"de-DE\"},{\"@type\":\"Organization\",\"@id\":\"https:\/\/www.resortanticoverbano.com\/de\/#organization\",\"name\":\"Resort Antico Verbano\",\"url\":\"https:\/\/www.resortanticoverbano.com\/de\/\",\"logo\":{\"@type\":\"ImageObject\",\"inLanguage\":\"de-DE\",\"@id\":\"https:\/\/www.resortanticoverbano.com\/de\/#\/schema\/logo\/image\/\",\"url\":\"https:\/\/www.resortanticoverbano.com\/wp-content\/uploads\/sites\/66\/2023\/09\/Logo-Antico-Verbano-2023.png\",\"contentUrl\":\"https:\/\/www.resortanticoverbano.com\/wp-content\/uploads\/sites\/66\/2023\/09\/Logo-Antico-Verbano-2023.png\",\"width\":500,\"height\":132,\"caption\":\"Resort Antico Verbano\"},\"image\":{\"@id\":\"https:\/\/www.resortanticoverbano.com\/de\/#\/schema\/logo\/image\/\"},\"sameAs\":[\"https:\/\/www.instagram.com\/h.residence_anticoverbano\/\"]}]}<\/script>\n<!-- \/ Yoast SEO plugin. -->","yoast_head_json":{"title":"Herzlich willkommen im Resort Antico Verbano - Resort Antico Verbano","description":"Resort Antico Verbano -","robots":{"index":"index","follow":"follow","max-snippet":"max-snippet:-1","max-image-preview":"max-image-preview:large","max-video-preview":"max-video-preview:-1"},"canonical":"https:\/\/www.resortanticoverbano.com\/de\/","og_locale":"de_DE","og_type":"article","og_title":"Herzlich willkommen im Resort Antico Verbano - Resort Antico Verbano","og_description":"Resort Antico Verbano -","og_url":"https:\/\/www.resortanticoverbano.com\/de\/","og_site_name":"Resort Antico Verbano","article_modified_time":"2025-11-28T13:58:57+00:00","og_image":[{"width":1800,"height":1200,"url":"http:\/\/www.resortanticoverbano.com\/wp-content\/uploads\/sites\/66\/2025\/04\/esterni-14.jpg","type":"image\/jpeg"}],"twitter_card":"summary_large_image","twitter_misc":{"Gesch\u00e4tzte Lesezeit":"1 Minute"},"schema":{"@context":"https:\/\/schema.org","@graph":[{"@type":"WebPage","@id":"https:\/\/www.resortanticoverbano.com\/de\/","url":"https:\/\/www.resortanticoverbano.com\/de\/","name":"Herzlich willkommen im Resort Antico Verbano - Resort Antico Verbano","isPartOf":{"@id":"https:\/\/www.resortanticoverbano.com\/de\/#website"},"primaryImageOfPage":{"@id":"https:\/\/www.resortanticoverbano.com\/de\/#primaryimage"},"image":{"@id":"https:\/\/www.resortanticoverbano.com\/de\/#primaryimage"},"thumbnailUrl":"https:\/\/www.resortanticoverbano.com\/wp-content\/uploads\/sites\/66\/2025\/04\/esterni-14.jpg","datePublished":"2023-09-26T09:08:06+00:00","dateModified":"2025-11-28T13:58:57+00:00","description":"Resort Antico Verbano -","breadcrumb":{"@id":"https:\/\/www.resortanticoverbano.com\/de\/#breadcrumb"},"inLanguage":"de-DE","potentialAction":[{"@type":"ReadAction","target":["https:\/\/www.resortanticoverbano.com\/de\/"]}]},{"@type":"ImageObject","inLanguage":"de-DE","@id":"https:\/\/www.resortanticoverbano.com\/de\/#primaryimage","url":"https:\/\/www.resortanticoverbano.com\/wp-content\/uploads\/sites\/66\/2025\/04\/esterni-14.jpg","contentUrl":"https:\/\/www.resortanticoverbano.com\/wp-content\/uploads\/sites\/66\/2025\/04\/esterni-14.jpg","width":1800,"height":1200},{"@type":"BreadcrumbList","@id":"https:\/\/www.resortanticoverbano.com\/de\/#breadcrumb","itemListElement":[{"@type":"ListItem","position":1,"name":"Home","item":"https:\/\/www.resortanticoverbano.com\/de\/"},{"@type":"ListItem","position":2,"name":"Herzlich willkommen im Resort Antico Verbano"}]},{"@type":"WebSite","@id":"https:\/\/www.resortanticoverbano.com\/de\/#website","url":"https:\/\/www.resortanticoverbano.com\/de\/","name":"Resort Antico Verbano","description":"","publisher":{"@id":"https:\/\/www.resortanticoverbano.com\/de\/#organization"},"potentialAction":[{"@type":"SearchAction","target":{"@type":"EntryPoint","urlTemplate":"https:\/\/www.resortanticoverbano.com\/de\/?s={search_term_string}"},"query-input":"required name=search_term_string"}],"inLanguage":"de-DE"},{"@type":"Organization","@id":"https:\/\/www.resortanticoverbano.com\/de\/#organization","name":"Resort Antico Verbano","url":"https:\/\/www.resortanticoverbano.com\/de\/","logo":{"@type":"ImageObject","inLanguage":"de-DE","@id":"https:\/\/www.resortanticoverbano.com\/de\/#\/schema\/logo\/image\/","url":"https:\/\/www.resortanticoverbano.com\/wp-content\/uploads\/sites\/66\/2023\/09\/Logo-Antico-Verbano-2023.png","contentUrl":"https:\/\/www.resortanticoverbano.com\/wp-content\/uploads\/sites\/66\/2023\/09\/Logo-Antico-Verbano-2023.png","width":500,"height":132,"caption":"Resort Antico Verbano"},"image":{"@id":"https:\/\/www.resortanticoverbano.com\/de\/#\/schema\/logo\/image\/"},"sameAs":["https:\/\/www.instagram.com\/h.residence_anticoverbano\/"]}]}},"acf":[],"_links":{"self":[{"href":"https:\/\/www.resortanticoverbano.com\/de\/wp-json\/wp\/v2\/pages\/1403"}],"collection":[{"href":"https:\/\/www.resortanticoverbano.com\/de\/wp-json\/wp\/v2\/pages"}],"about":[{"href":"https:\/\/www.resortanticoverbano.com\/de\/wp-json\/wp\/v2\/types\/page"}],"author":[{"embeddable":true,"href":"https:\/\/www.resortanticoverbano.com\/de\/wp-json\/wp\/v2\/users\/12"}],"replies":[{"embeddable":true,"href":"https:\/\/www.resortanticoverbano.com\/de\/wp-json\/wp\/v2\/comments?post=1403"}],"version-history":[{"count":0,"href":"https:\/\/www.resortanticoverbano.com\/de\/wp-json\/wp\/v2\/pages\/1403\/revisions"}],"wp:featuredmedia":[{"embeddable":true,"href":"https:\/\/www.resortanticoverbano.com\/de\/wp-json\/wp\/v2\/media\/2001"}],"wp:attachment":[{"href":"https:\/\/www.resortanticoverbano.com\/de\/wp-json\/wp\/v2\/media?parent=1403"}],"curies":[{"name":"wp","href":"https:\/\/api.w.org\/{rel}","templated":true}]}}