{"id":1450,"date":"2023-10-25T12:40:15","date_gmt":"2023-10-25T12:40:15","guid":{"rendered":"https:\/\/www.resortanticoverbano.com\/regolamento\/"},"modified":"2025-07-14T08:52:57","modified_gmt":"2025-07-14T08:52:57","slug":"regelungen","status":"publish","type":"page","link":"https:\/\/www.resortanticoverbano.com\/de\/regelungen\/","title":{"rendered":"Regelungen"},"content":{"rendered":"<p><strong>AUSSTATTUNG<\/strong>: In jeder Ferienwohnung gibt es ein beschreibendes Inventar der Ausstattung, einschlie\u00dflich einer Liste mit Fotos von Wertgegenst\u00e4nden. Der Kunde ist verpflichtet, den Zustand und die Ausstattung der Ferienwohnung zu \u00fcberpr\u00fcfen. Wenn Sch\u00e4den oder M\u00e4ngel festgestellt werden, m\u00fcssen diese innerhalb von 2\u00a0Stunden nach dem Einchecken der Rezeption gemeldet werden. Eventuelle w\u00e4hrend des Aufenthalts entstandene Sch\u00e4den sind unverz\u00fcglich zu melden. <strong>Die Ferienwohnung wird w\u00e4hrend des Aufenthalts und beim Auschecken regelm\u00e4\u00dfig vom Personal kontrolliert. <\/strong><\/p>\n<p>&nbsp;<\/p>\n<p><strong>VERBOTE UND STRAFEN<\/strong>: Die Unterkunft muss in einem ordentlichen Zustand hinterlassen werden, wobei besonders auf die M\u00fclltrennung zu achten ist. <strong>Es liegt in der Verantwortung des Kunden, alle Abf\u00e4lle ordnungsgem\u00e4\u00df in die bereitgestellten Beh\u00e4lter zu entsorgen<\/strong>. Es ist verboten, M\u00f6bel von au\u00dfen nach innen zu bringen und M\u00f6bel innerhalb und zwischen Wohnr\u00e4umen zu verschieben. Rufnummer nur f\u00fcr technische Notf\u00e4lle (rund um die Uhr) Tel.: <a href=\"tel:+39 3711542385\">+39 3711542385<\/a>. Pauschalstrafe von 50,00\u00a0\u20ac.<\/p>\n<p>&nbsp;<\/p>\n<p><strong>KAUTION<\/strong>: Pro reservierter Wohneinheit ist eine Kaution von 200\u00a0Euro zu hinterlegen, die auf der Kreditkarte des Kunden blockiert wird. Die Kaution dient als Garantie f\u00fcr nicht ordnungsgem\u00e4\u00df durchgef\u00fchrte M\u00fclltrennung, eventuelle Besch\u00e4digungen und\/oder kleinere Diebst\u00e4hle. Im Falle von Sch\u00e4den und\/oder Diebstahl \u00fcber 200\u00a0Euro wird das Personal des Resort Antico Verbano die Kreditkarte des Kunden mit einem Betrag in H\u00f6he des gesch\u00e4tzten Schadens und\/oder Diebstahls belasten, vorbehaltlich einer begr\u00fcndeten Reklamation. Am Ende des Aufenthalts wird die Kaution nach einer allgemeinen Kontrolle des Zustands der Ferienwohnung durch das Personal zur\u00fcckgezahlt.<\/p>\n<p>&nbsp;<\/p>\n<p><strong>HAUSTIERE<\/strong> (Hunde und Katzen): Tiere d\u00fcrfen nicht unbeaufsichtigt in den Ferienwohnungen gelassen werden <em><strong>und d\u00fcrfen sich nicht im Solariumbereich des Pools aufhalten.<\/strong><\/em><\/p>\n<p>&nbsp;<\/p>\n<p><strong>EINRICHTUNG<\/strong>: Die Einrichtung haftet nicht f\u00fcr Diebstahl oder Besch\u00e4digung w\u00e4hrend des Aufenthalts. Im Falle einer Unterbrechung der Strom-, Gas- oder Wasserversorgung durch das Versorgungsunternehmen oder die Gemeinde oder aus anderen Gr\u00fcnden h\u00f6herer Gewalt lehnt das Unternehmen jede Haftung ab und ist nicht zu einer R\u00fcckerstattung verpflichtet.<\/p>\n<p>&nbsp;<\/p>\n<p><strong>VERHALTEN<\/strong>: Verhalten, das die Ruhe und Sicherheit der G\u00e4ste st\u00f6rt, f\u00fchrt zum Ausschluss. Der Kunde ist f\u00f6rmlich verpflichtet, die Anwesenheit aller G\u00e4ste, die sich in der Wohnung aufhalten, zu melden und sie zur Einhaltung dieser Vorschriften anzuhalten.<\/p>\n<p>&nbsp;<\/p>\n<p><strong>SEEGEL\u00c4NDE UND SOLARIUM AM POOL<\/strong>: Im Bereich des Sees sind Hinweisschilder mit allen Bedingungen der Schwimmbadordnung aufgestellt. Minderj\u00e4hrige d\u00fcrfen sich in den oben genannten Bereichen niemals allein oder unbeaufsichtigt aufhalten. Der Eigent\u00fcmer lehnt jede Haftung ab. Das Baden in Abwesenheit eines Bademeisters ist verboten. Die Benutzung des Seegel\u00e4ndes erfolgt ausschlie\u00dflich auf eigene Gefahr und Verantwortung, da keine Hilfs- und Rettungsdienste zur Verf\u00fcgung stehen. Die Nutzung der Pools ist nur den G\u00e4sten des Resorts \u201eANTICO VERBANO\u201c gestattet. Aus hygienischen Gr\u00fcnden ist vor dem Betreten des Wassers immer zu duschen und die F\u00fc\u00dfe in der desinfizierten Wanne abzusp\u00fclen. Es ist verboten, die in den Ferienwohnungen zur Verf\u00fcgung gestellten Handt\u00fccher zu benutzen. Aus Sicherheitsgr\u00fcnden ist es verboten, am Beckenrand zu laufen, andere Badeg\u00e4ste ins Wasser zu sto\u00dfen oder zu tauchen. Bitte beachten Sie, dass die maximale Tiefe des Pools 140\u00a0cm betr\u00e4gt. In jedem Fall sind die G\u00e4ste verpflichtet, alle geltenden gesetzlichen Bestimmungen einzuhalten, auch wenn sie hier nicht aufgef\u00fchrt sind, und sich umsichtig, vorsichtig und mit gesundem Menschenverstand zu verhalten.<\/p>\n<p>&nbsp;<\/p>\n<p><em><strong>Ausstattung der Sonnenterrasse<\/strong><\/em>: Jede Wohnung ist mit <em><strong>einem Sonnenschirm und zwei Liegest\u00fchlen ausgestattet, unabh\u00e4ngig von der Anzahl der Personen, die sie bewohnen.<\/strong><\/em><\/p>\n<p>Zus\u00e4tzliche Liegest\u00fchle oder St\u00fchle werden je nach Verf\u00fcgbarkeit zur Verf\u00fcgung gestellt<\/p>\n","protected":false},"excerpt":{"rendered":"<p>AUSSTATTUNG: In jeder Ferienwohnung gibt es ein beschreibendes Inventar der Ausstattung, einschlie\u00dflich einer Liste mit Fotos von Wertgegenst\u00e4nden. Der Kunde ist verpflichtet, den Zustand und die Ausstattung der Ferienwohnung zu \u00fcberpr\u00fcfen. Wenn Sch\u00e4den oder M\u00e4ngel festgestellt werden, m\u00fcssen diese innerhalb von 2\u00a0Stunden nach dem Einchecken der Rezeption gemeldet werden. Eventuelle w\u00e4hrend des Aufenthalts entstandene Sch\u00e4den [&hellip;]<\/p>\n","protected":false},"author":12,"featured_media":0,"parent":0,"menu_order":500,"comment_status":"closed","ping_status":"closed","template":"template-default-2.php","meta":{"footnotes":""},"yoast_head":"<!-- This site is optimized with the Yoast SEO plugin v22.3 - https:\/\/yoast.com\/wordpress\/plugins\/seo\/ -->\n<title>Regelungen - Resort Antico Verbano<\/title>\n<meta name=\"description\" content=\"AUSSTATTUNG: In jeder Ferienwohnung gibt es ein beschreibendes Inventar der Ausstattung, einschlie\u00dflich einer Liste mit Fotos von Wertgegenst\u00e4nden. Der Kunde ist verpflichtet, den Zustand und die Ausstattung der Ferienwohnung zu \u00fcberpr\u00fcfen\" \/>\n<meta name=\"robots\" content=\"index, follow, max-snippet:-1, max-image-preview:large, max-video-preview:-1\" \/>\n<link rel=\"canonical\" href=\"https:\/\/www.resortanticoverbano.com\/de\/regelungen\/\" \/>\n<meta property=\"og:locale\" content=\"de_DE\" \/>\n<meta property=\"og:type\" content=\"article\" \/>\n<meta property=\"og:title\" content=\"Regelungen - Resort Antico Verbano\" \/>\n<meta property=\"og:description\" content=\"AUSSTATTUNG: In jeder Ferienwohnung gibt es ein beschreibendes Inventar der Ausstattung, einschlie\u00dflich einer Liste mit Fotos von Wertgegenst\u00e4nden. Der Kunde ist verpflichtet, den Zustand und die Ausstattung der Ferienwohnung zu \u00fcberpr\u00fcfen\" \/>\n<meta property=\"og:url\" content=\"https:\/\/www.resortanticoverbano.com\/de\/regelungen\/\" \/>\n<meta property=\"og:site_name\" content=\"Resort Antico Verbano\" \/>\n<meta property=\"article:modified_time\" content=\"2025-07-14T08:52:57+00:00\" \/>\n<meta name=\"twitter:card\" content=\"summary_large_image\" \/>\n<meta name=\"twitter:label1\" content=\"Gesch\u00e4tzte Lesezeit\" \/>\n\t<meta name=\"twitter:data1\" content=\"3 Minuten\" \/>\n<script type=\"application\/ld+json\" class=\"yoast-schema-graph\">{\"@context\":\"https:\/\/schema.org\",\"@graph\":[{\"@type\":\"WebPage\",\"@id\":\"https:\/\/www.resortanticoverbano.com\/de\/regelungen\/\",\"url\":\"https:\/\/www.resortanticoverbano.com\/de\/regelungen\/\",\"name\":\"Regelungen - Resort Antico Verbano\",\"isPartOf\":{\"@id\":\"https:\/\/www.resortanticoverbano.com\/de\/#website\"},\"datePublished\":\"2023-10-25T12:40:15+00:00\",\"dateModified\":\"2025-07-14T08:52:57+00:00\",\"description\":\"AUSSTATTUNG: In jeder Ferienwohnung gibt es ein beschreibendes Inventar der Ausstattung, einschlie\u00dflich einer Liste mit Fotos von Wertgegenst\u00e4nden. Der Kunde ist verpflichtet, den Zustand und die Ausstattung der Ferienwohnung zu \u00fcberpr\u00fcfen\",\"breadcrumb\":{\"@id\":\"https:\/\/www.resortanticoverbano.com\/de\/regelungen\/#breadcrumb\"},\"inLanguage\":\"de-DE\",\"potentialAction\":[{\"@type\":\"ReadAction\",\"target\":[\"https:\/\/www.resortanticoverbano.com\/de\/regelungen\/\"]}]},{\"@type\":\"BreadcrumbList\",\"@id\":\"https:\/\/www.resortanticoverbano.com\/de\/regelungen\/#breadcrumb\",\"itemListElement\":[{\"@type\":\"ListItem\",\"position\":1,\"name\":\"Home\",\"item\":\"https:\/\/www.resortanticoverbano.com\/de\/\"},{\"@type\":\"ListItem\",\"position\":2,\"name\":\"Regelungen\"}]},{\"@type\":\"WebSite\",\"@id\":\"https:\/\/www.resortanticoverbano.com\/de\/#website\",\"url\":\"https:\/\/www.resortanticoverbano.com\/de\/\",\"name\":\"Resort Antico Verbano\",\"description\":\"\",\"publisher\":{\"@id\":\"https:\/\/www.resortanticoverbano.com\/de\/#organization\"},\"potentialAction\":[{\"@type\":\"SearchAction\",\"target\":{\"@type\":\"EntryPoint\",\"urlTemplate\":\"https:\/\/www.resortanticoverbano.com\/de\/?s={search_term_string}\"},\"query-input\":\"required name=search_term_string\"}],\"inLanguage\":\"de-DE\"},{\"@type\":\"Organization\",\"@id\":\"https:\/\/www.resortanticoverbano.com\/de\/#organization\",\"name\":\"Resort Antico Verbano\",\"url\":\"https:\/\/www.resortanticoverbano.com\/de\/\",\"logo\":{\"@type\":\"ImageObject\",\"inLanguage\":\"de-DE\",\"@id\":\"https:\/\/www.resortanticoverbano.com\/de\/#\/schema\/logo\/image\/\",\"url\":\"https:\/\/www.resortanticoverbano.com\/wp-content\/uploads\/sites\/66\/2023\/09\/Logo-Antico-Verbano-2023.png\",\"contentUrl\":\"https:\/\/www.resortanticoverbano.com\/wp-content\/uploads\/sites\/66\/2023\/09\/Logo-Antico-Verbano-2023.png\",\"width\":500,\"height\":132,\"caption\":\"Resort Antico Verbano\"},\"image\":{\"@id\":\"https:\/\/www.resortanticoverbano.com\/de\/#\/schema\/logo\/image\/\"},\"sameAs\":[\"https:\/\/www.instagram.com\/h.residence_anticoverbano\/\"]}]}<\/script>\n<!-- \/ Yoast SEO plugin. -->","yoast_head_json":{"title":"Regelungen - Resort Antico Verbano","description":"AUSSTATTUNG: In jeder Ferienwohnung gibt es ein beschreibendes Inventar der Ausstattung, einschlie\u00dflich einer Liste mit Fotos von Wertgegenst\u00e4nden. Der Kunde ist verpflichtet, den Zustand und die Ausstattung der Ferienwohnung zu \u00fcberpr\u00fcfen","robots":{"index":"index","follow":"follow","max-snippet":"max-snippet:-1","max-image-preview":"max-image-preview:large","max-video-preview":"max-video-preview:-1"},"canonical":"https:\/\/www.resortanticoverbano.com\/de\/regelungen\/","og_locale":"de_DE","og_type":"article","og_title":"Regelungen - Resort Antico Verbano","og_description":"AUSSTATTUNG: In jeder Ferienwohnung gibt es ein beschreibendes Inventar der Ausstattung, einschlie\u00dflich einer Liste mit Fotos von Wertgegenst\u00e4nden. Der Kunde ist verpflichtet, den Zustand und die Ausstattung der Ferienwohnung zu \u00fcberpr\u00fcfen","og_url":"https:\/\/www.resortanticoverbano.com\/de\/regelungen\/","og_site_name":"Resort Antico Verbano","article_modified_time":"2025-07-14T08:52:57+00:00","twitter_card":"summary_large_image","twitter_misc":{"Gesch\u00e4tzte Lesezeit":"3 Minuten"},"schema":{"@context":"https:\/\/schema.org","@graph":[{"@type":"WebPage","@id":"https:\/\/www.resortanticoverbano.com\/de\/regelungen\/","url":"https:\/\/www.resortanticoverbano.com\/de\/regelungen\/","name":"Regelungen - Resort Antico Verbano","isPartOf":{"@id":"https:\/\/www.resortanticoverbano.com\/de\/#website"},"datePublished":"2023-10-25T12:40:15+00:00","dateModified":"2025-07-14T08:52:57+00:00","description":"AUSSTATTUNG: In jeder Ferienwohnung gibt es ein beschreibendes Inventar der Ausstattung, einschlie\u00dflich einer Liste mit Fotos von Wertgegenst\u00e4nden. Der Kunde ist verpflichtet, den Zustand und die Ausstattung der Ferienwohnung zu \u00fcberpr\u00fcfen","breadcrumb":{"@id":"https:\/\/www.resortanticoverbano.com\/de\/regelungen\/#breadcrumb"},"inLanguage":"de-DE","potentialAction":[{"@type":"ReadAction","target":["https:\/\/www.resortanticoverbano.com\/de\/regelungen\/"]}]},{"@type":"BreadcrumbList","@id":"https:\/\/www.resortanticoverbano.com\/de\/regelungen\/#breadcrumb","itemListElement":[{"@type":"ListItem","position":1,"name":"Home","item":"https:\/\/www.resortanticoverbano.com\/de\/"},{"@type":"ListItem","position":2,"name":"Regelungen"}]},{"@type":"WebSite","@id":"https:\/\/www.resortanticoverbano.com\/de\/#website","url":"https:\/\/www.resortanticoverbano.com\/de\/","name":"Resort Antico Verbano","description":"","publisher":{"@id":"https:\/\/www.resortanticoverbano.com\/de\/#organization"},"potentialAction":[{"@type":"SearchAction","target":{"@type":"EntryPoint","urlTemplate":"https:\/\/www.resortanticoverbano.com\/de\/?s={search_term_string}"},"query-input":"required name=search_term_string"}],"inLanguage":"de-DE"},{"@type":"Organization","@id":"https:\/\/www.resortanticoverbano.com\/de\/#organization","name":"Resort Antico Verbano","url":"https:\/\/www.resortanticoverbano.com\/de\/","logo":{"@type":"ImageObject","inLanguage":"de-DE","@id":"https:\/\/www.resortanticoverbano.com\/de\/#\/schema\/logo\/image\/","url":"https:\/\/www.resortanticoverbano.com\/wp-content\/uploads\/sites\/66\/2023\/09\/Logo-Antico-Verbano-2023.png","contentUrl":"https:\/\/www.resortanticoverbano.com\/wp-content\/uploads\/sites\/66\/2023\/09\/Logo-Antico-Verbano-2023.png","width":500,"height":132,"caption":"Resort Antico Verbano"},"image":{"@id":"https:\/\/www.resortanticoverbano.com\/de\/#\/schema\/logo\/image\/"},"sameAs":["https:\/\/www.instagram.com\/h.residence_anticoverbano\/"]}]}},"acf":[],"_links":{"self":[{"href":"https:\/\/www.resortanticoverbano.com\/de\/wp-json\/wp\/v2\/pages\/1450"}],"collection":[{"href":"https:\/\/www.resortanticoverbano.com\/de\/wp-json\/wp\/v2\/pages"}],"about":[{"href":"https:\/\/www.resortanticoverbano.com\/de\/wp-json\/wp\/v2\/types\/page"}],"author":[{"embeddable":true,"href":"https:\/\/www.resortanticoverbano.com\/de\/wp-json\/wp\/v2\/users\/12"}],"replies":[{"embeddable":true,"href":"https:\/\/www.resortanticoverbano.com\/de\/wp-json\/wp\/v2\/comments?post=1450"}],"version-history":[{"count":0,"href":"https:\/\/www.resortanticoverbano.com\/de\/wp-json\/wp\/v2\/pages\/1450\/revisions"}],"wp:attachment":[{"href":"https:\/\/www.resortanticoverbano.com\/de\/wp-json\/wp\/v2\/media?parent=1450"}],"curies":[{"name":"wp","href":"https:\/\/api.w.org\/{rel}","templated":true}]}}