{"id":1554,"date":"2023-10-23T10:04:32","date_gmt":"2023-10-23T10:04:32","guid":{"rendered":"https:\/\/www.resortanticoverbano.com\/les-appartements\/suite-con-terrazza-privata-e-vista-lago\/"},"modified":"2024-01-19T11:22:07","modified_gmt":"2024-01-19T11:22:07","slug":"suite-avec-terrasse-privee-et-vue-sur-le-lac","status":"publish","type":"page","link":"https:\/\/www.resortanticoverbano.com\/fr\/les-appartements\/suite-avec-terrasse-privee-et-vue-sur-le-lac\/","title":{"rendered":"Suite avec terrasse priv\u00e9e et vue sur le lac"},"content":{"rendered":"<p>Appartement spectaculaire d\u2019environ <strong>45\u00a0m\u00e8tres carr\u00e9s<\/strong> pour\u00a0<strong>2 \u00e0 4\u00a0personnes<\/strong>, avec terrasse priv\u00e9e d\u2019o\u00f9 vous pourrez profiter d\u2019une vue panoramique sur le lac.<\/p>\n<p>Compos\u00e9 d\u2019une chambre double et d\u2019un salon avec canap\u00e9-lit double, tous deux avec acc\u00e8s \u00e0 la terrasse.<\/p>\n<p>Tous les appartements, de par leur structure, leur mobilier et leur emplacement, diff\u00e8rent les uns des autres, rendant chacun d\u2019eux exclusif.<\/p>\n","protected":false},"excerpt":{"rendered":"<p>Appartement spectaculaire d\u2019environ 45\u00a0m\u00e8tres carr\u00e9s pour\u00a02 \u00e0 4\u00a0personnes, avec terrasse priv\u00e9e d\u2019o\u00f9 vous pourrez profiter d\u2019une vue panoramique sur le lac. Compos\u00e9 d\u2019une chambre double et d\u2019un salon avec canap\u00e9-lit double, tous deux avec acc\u00e8s \u00e0 la terrasse. Tous les appartements, de par leur structure, leur mobilier et leur emplacement, diff\u00e8rent les uns des autres, [&hellip;]<\/p>\n","protected":false},"author":12,"featured_media":0,"parent":1408,"menu_order":14,"comment_status":"closed","ping_status":"closed","template":"template-single-room.php","meta":{"footnotes":""},"yoast_head":"<!-- This site is optimized with the Yoast SEO plugin v22.3 - https:\/\/yoast.com\/wordpress\/plugins\/seo\/ -->\n<title>Suite avec terrasse priv\u00e9e et vue sur le lac - Resort Antico Verbano<\/title>\n<meta name=\"description\" content=\"Appartement spectaculaire d\u2019environ 45\u00a0m\u00e8tres carr\u00e9s pour\u00a02 \u00e0 4\u00a0personnes, avec terrasse priv\u00e9e d\u2019o\u00f9 vous pourrez profiter d\u2019une vue panoramique sur le lac.  Compos\u00e9 d\u2019une chambre double et d\u2019un salon avec canap\u00e9-lit double, tous deux avec acc\u00e8s \u00e0 la terrasse.  Tous les appartements, de par leur structure, leur mobilier et leur emplacement, diff\u00e8rent les uns des autres, rendant chacun d\u2019eux exclusif..\" \/>\n<meta name=\"robots\" content=\"index, follow, max-snippet:-1, max-image-preview:large, max-video-preview:-1\" \/>\n<link rel=\"canonical\" href=\"https:\/\/www.resortanticoverbano.com\/fr\/les-appartements\/suite-avec-terrasse-privee-et-vue-sur-le-lac\/\" \/>\n<meta property=\"og:locale\" content=\"fr_FR\" \/>\n<meta property=\"og:type\" content=\"article\" \/>\n<meta property=\"og:title\" content=\"Suite avec terrasse priv\u00e9e et vue sur le lac - Resort Antico Verbano\" \/>\n<meta property=\"og:description\" content=\"Appartement spectaculaire d\u2019environ 45\u00a0m\u00e8tres carr\u00e9s pour\u00a02 \u00e0 4\u00a0personnes, avec terrasse priv\u00e9e d\u2019o\u00f9 vous pourrez profiter d\u2019une vue panoramique sur le lac.  Compos\u00e9 d\u2019une chambre double et d\u2019un salon avec canap\u00e9-lit double, tous deux avec acc\u00e8s \u00e0 la terrasse.  Tous les appartements, de par leur structure, leur mobilier et leur emplacement, diff\u00e8rent les uns des autres, rendant chacun d\u2019eux exclusif..\" \/>\n<meta property=\"og:url\" content=\"https:\/\/www.resortanticoverbano.com\/fr\/les-appartements\/suite-avec-terrasse-privee-et-vue-sur-le-lac\/\" \/>\n<meta property=\"og:site_name\" content=\"Resort Antico Verbano\" \/>\n<meta property=\"article:modified_time\" content=\"2024-01-19T11:22:07+00:00\" \/>\n<meta name=\"twitter:card\" content=\"summary_large_image\" \/>\n<script type=\"application\/ld+json\" class=\"yoast-schema-graph\">{\"@context\":\"https:\/\/schema.org\",\"@graph\":[{\"@type\":\"WebPage\",\"@id\":\"https:\/\/www.resortanticoverbano.com\/fr\/les-appartements\/suite-avec-terrasse-privee-et-vue-sur-le-lac\/\",\"url\":\"https:\/\/www.resortanticoverbano.com\/fr\/les-appartements\/suite-avec-terrasse-privee-et-vue-sur-le-lac\/\",\"name\":\"Suite avec terrasse priv\u00e9e et vue sur le lac - Resort Antico Verbano\",\"isPartOf\":{\"@id\":\"https:\/\/www.resortanticoverbano.com\/fr\/#website\"},\"datePublished\":\"2023-10-23T10:04:32+00:00\",\"dateModified\":\"2024-01-19T11:22:07+00:00\",\"description\":\"Appartement spectaculaire d\u2019environ 45\u00a0m\u00e8tres carr\u00e9s pour\u00a02 \u00e0 4\u00a0personnes, avec terrasse priv\u00e9e d\u2019o\u00f9 vous pourrez profiter d\u2019une vue panoramique sur le lac. Compos\u00e9 d\u2019une chambre double et d\u2019un salon avec canap\u00e9-lit double, tous deux avec acc\u00e8s \u00e0 la terrasse. Tous les appartements, de par leur structure, leur mobilier et leur emplacement, diff\u00e8rent les uns des autres, rendant chacun d\u2019eux exclusif..\",\"breadcrumb\":{\"@id\":\"https:\/\/www.resortanticoverbano.com\/fr\/les-appartements\/suite-avec-terrasse-privee-et-vue-sur-le-lac\/#breadcrumb\"},\"inLanguage\":\"fr-FR\",\"potentialAction\":[{\"@type\":\"ReadAction\",\"target\":[\"https:\/\/www.resortanticoverbano.com\/fr\/les-appartements\/suite-avec-terrasse-privee-et-vue-sur-le-lac\/\"]}]},{\"@type\":\"BreadcrumbList\",\"@id\":\"https:\/\/www.resortanticoverbano.com\/fr\/les-appartements\/suite-avec-terrasse-privee-et-vue-sur-le-lac\/#breadcrumb\",\"itemListElement\":[{\"@type\":\"ListItem\",\"position\":1,\"name\":\"Home\",\"item\":\"https:\/\/www.resortanticoverbano.com\/fr\/\"},{\"@type\":\"ListItem\",\"position\":2,\"name\":\"Les appartements\",\"item\":\"https:\/\/www.resortanticoverbano.com\/fr\/les-appartements\/\"},{\"@type\":\"ListItem\",\"position\":3,\"name\":\"Suite avec terrasse priv\u00e9e et vue sur le lac\"}]},{\"@type\":\"WebSite\",\"@id\":\"https:\/\/www.resortanticoverbano.com\/fr\/#website\",\"url\":\"https:\/\/www.resortanticoverbano.com\/fr\/\",\"name\":\"Resort Antico Verbano\",\"description\":\"\",\"publisher\":{\"@id\":\"https:\/\/www.resortanticoverbano.com\/fr\/#organization\"},\"potentialAction\":[{\"@type\":\"SearchAction\",\"target\":{\"@type\":\"EntryPoint\",\"urlTemplate\":\"https:\/\/www.resortanticoverbano.com\/fr\/?s={search_term_string}\"},\"query-input\":\"required name=search_term_string\"}],\"inLanguage\":\"fr-FR\"},{\"@type\":\"Organization\",\"@id\":\"https:\/\/www.resortanticoverbano.com\/fr\/#organization\",\"name\":\"Resort Antico Verbano\",\"url\":\"https:\/\/www.resortanticoverbano.com\/fr\/\",\"logo\":{\"@type\":\"ImageObject\",\"inLanguage\":\"fr-FR\",\"@id\":\"https:\/\/www.resortanticoverbano.com\/fr\/#\/schema\/logo\/image\/\",\"url\":\"https:\/\/www.resortanticoverbano.com\/wp-content\/uploads\/sites\/66\/2023\/09\/Logo-Antico-Verbano-2023.png\",\"contentUrl\":\"https:\/\/www.resortanticoverbano.com\/wp-content\/uploads\/sites\/66\/2023\/09\/Logo-Antico-Verbano-2023.png\",\"width\":500,\"height\":132,\"caption\":\"Resort Antico Verbano\"},\"image\":{\"@id\":\"https:\/\/www.resortanticoverbano.com\/fr\/#\/schema\/logo\/image\/\"},\"sameAs\":[\"https:\/\/www.instagram.com\/h.residence_anticoverbano\/\"]}]}<\/script>\n<!-- \/ Yoast SEO plugin. -->","yoast_head_json":{"title":"Suite avec terrasse priv\u00e9e et vue sur le lac - Resort Antico Verbano","description":"Appartement spectaculaire d\u2019environ 45\u00a0m\u00e8tres carr\u00e9s pour\u00a02 \u00e0 4\u00a0personnes, avec terrasse priv\u00e9e d\u2019o\u00f9 vous pourrez profiter d\u2019une vue panoramique sur le lac.  Compos\u00e9 d\u2019une chambre double et d\u2019un salon avec canap\u00e9-lit double, tous deux avec acc\u00e8s \u00e0 la terrasse.  Tous les appartements, de par leur structure, leur mobilier et leur emplacement, diff\u00e8rent les uns des autres, rendant chacun d\u2019eux exclusif..","robots":{"index":"index","follow":"follow","max-snippet":"max-snippet:-1","max-image-preview":"max-image-preview:large","max-video-preview":"max-video-preview:-1"},"canonical":"https:\/\/www.resortanticoverbano.com\/fr\/les-appartements\/suite-avec-terrasse-privee-et-vue-sur-le-lac\/","og_locale":"fr_FR","og_type":"article","og_title":"Suite avec terrasse priv\u00e9e et vue sur le lac - Resort Antico Verbano","og_description":"Appartement spectaculaire d\u2019environ 45\u00a0m\u00e8tres carr\u00e9s pour\u00a02 \u00e0 4\u00a0personnes, avec terrasse priv\u00e9e d\u2019o\u00f9 vous pourrez profiter d\u2019une vue panoramique sur le lac.  Compos\u00e9 d\u2019une chambre double et d\u2019un salon avec canap\u00e9-lit double, tous deux avec acc\u00e8s \u00e0 la terrasse.  Tous les appartements, de par leur structure, leur mobilier et leur emplacement, diff\u00e8rent les uns des autres, rendant chacun d\u2019eux exclusif..","og_url":"https:\/\/www.resortanticoverbano.com\/fr\/les-appartements\/suite-avec-terrasse-privee-et-vue-sur-le-lac\/","og_site_name":"Resort Antico Verbano","article_modified_time":"2024-01-19T11:22:07+00:00","twitter_card":"summary_large_image","schema":{"@context":"https:\/\/schema.org","@graph":[{"@type":"WebPage","@id":"https:\/\/www.resortanticoverbano.com\/fr\/les-appartements\/suite-avec-terrasse-privee-et-vue-sur-le-lac\/","url":"https:\/\/www.resortanticoverbano.com\/fr\/les-appartements\/suite-avec-terrasse-privee-et-vue-sur-le-lac\/","name":"Suite avec terrasse priv\u00e9e et vue sur le lac - Resort Antico Verbano","isPartOf":{"@id":"https:\/\/www.resortanticoverbano.com\/fr\/#website"},"datePublished":"2023-10-23T10:04:32+00:00","dateModified":"2024-01-19T11:22:07+00:00","description":"Appartement spectaculaire d\u2019environ 45\u00a0m\u00e8tres carr\u00e9s pour\u00a02 \u00e0 4\u00a0personnes, avec terrasse priv\u00e9e d\u2019o\u00f9 vous pourrez profiter d\u2019une vue panoramique sur le lac. Compos\u00e9 d\u2019une chambre double et d\u2019un salon avec canap\u00e9-lit double, tous deux avec acc\u00e8s \u00e0 la terrasse. Tous les appartements, de par leur structure, leur mobilier et leur emplacement, diff\u00e8rent les uns des autres, rendant chacun d\u2019eux exclusif..","breadcrumb":{"@id":"https:\/\/www.resortanticoverbano.com\/fr\/les-appartements\/suite-avec-terrasse-privee-et-vue-sur-le-lac\/#breadcrumb"},"inLanguage":"fr-FR","potentialAction":[{"@type":"ReadAction","target":["https:\/\/www.resortanticoverbano.com\/fr\/les-appartements\/suite-avec-terrasse-privee-et-vue-sur-le-lac\/"]}]},{"@type":"BreadcrumbList","@id":"https:\/\/www.resortanticoverbano.com\/fr\/les-appartements\/suite-avec-terrasse-privee-et-vue-sur-le-lac\/#breadcrumb","itemListElement":[{"@type":"ListItem","position":1,"name":"Home","item":"https:\/\/www.resortanticoverbano.com\/fr\/"},{"@type":"ListItem","position":2,"name":"Les appartements","item":"https:\/\/www.resortanticoverbano.com\/fr\/les-appartements\/"},{"@type":"ListItem","position":3,"name":"Suite avec terrasse priv\u00e9e et vue sur le lac"}]},{"@type":"WebSite","@id":"https:\/\/www.resortanticoverbano.com\/fr\/#website","url":"https:\/\/www.resortanticoverbano.com\/fr\/","name":"Resort Antico Verbano","description":"","publisher":{"@id":"https:\/\/www.resortanticoverbano.com\/fr\/#organization"},"potentialAction":[{"@type":"SearchAction","target":{"@type":"EntryPoint","urlTemplate":"https:\/\/www.resortanticoverbano.com\/fr\/?s={search_term_string}"},"query-input":"required name=search_term_string"}],"inLanguage":"fr-FR"},{"@type":"Organization","@id":"https:\/\/www.resortanticoverbano.com\/fr\/#organization","name":"Resort Antico Verbano","url":"https:\/\/www.resortanticoverbano.com\/fr\/","logo":{"@type":"ImageObject","inLanguage":"fr-FR","@id":"https:\/\/www.resortanticoverbano.com\/fr\/#\/schema\/logo\/image\/","url":"https:\/\/www.resortanticoverbano.com\/wp-content\/uploads\/sites\/66\/2023\/09\/Logo-Antico-Verbano-2023.png","contentUrl":"https:\/\/www.resortanticoverbano.com\/wp-content\/uploads\/sites\/66\/2023\/09\/Logo-Antico-Verbano-2023.png","width":500,"height":132,"caption":"Resort Antico Verbano"},"image":{"@id":"https:\/\/www.resortanticoverbano.com\/fr\/#\/schema\/logo\/image\/"},"sameAs":["https:\/\/www.instagram.com\/h.residence_anticoverbano\/"]}]}},"acf":[],"_links":{"self":[{"href":"https:\/\/www.resortanticoverbano.com\/fr\/wp-json\/wp\/v2\/pages\/1554"}],"collection":[{"href":"https:\/\/www.resortanticoverbano.com\/fr\/wp-json\/wp\/v2\/pages"}],"about":[{"href":"https:\/\/www.resortanticoverbano.com\/fr\/wp-json\/wp\/v2\/types\/page"}],"author":[{"embeddable":true,"href":"https:\/\/www.resortanticoverbano.com\/fr\/wp-json\/wp\/v2\/users\/12"}],"replies":[{"embeddable":true,"href":"https:\/\/www.resortanticoverbano.com\/fr\/wp-json\/wp\/v2\/comments?post=1554"}],"version-history":[{"count":0,"href":"https:\/\/www.resortanticoverbano.com\/fr\/wp-json\/wp\/v2\/pages\/1554\/revisions"}],"up":[{"embeddable":true,"href":"https:\/\/www.resortanticoverbano.com\/fr\/wp-json\/wp\/v2\/pages\/1408"}],"wp:attachment":[{"href":"https:\/\/www.resortanticoverbano.com\/fr\/wp-json\/wp\/v2\/media?parent=1554"}],"curies":[{"name":"wp","href":"https:\/\/api.w.org\/{rel}","templated":true}]}}